{"id":2771,"date":"2022-05-05T01:02:11","date_gmt":"2022-05-05T01:02:11","guid":{"rendered":"https:\/\/domvicoso.mg.gov.br\/v1\/?page_id=2771"},"modified":"2022-05-05T12:22:12","modified_gmt":"2022-05-05T12:22:12","slug":"aviso-de-dispensa-2022","status":"publish","type":"page","link":"https:\/\/domvicoso.mg.gov.br\/v1\/aviso-de-dispensa-2022\/","title":{"rendered":"Aviso de Dispensa &#8211; Lei 14.133\/2021 &#8211; 2022"},"content":{"rendered":"\n<table id=\"tablepress-12\" class=\"tablepress tablepress-id-12\">\n<thead>\n<tr class=\"row-1 odd\">\n\t<th class=\"column-1\">N\u00ba<\/th><th class=\"column-2\">DATA<\/th><th class=\"column-3\">DESCRI\u00c7\u00c3O<\/th><th class=\"column-4\">ARQUIVO<\/th><th class=\"column-5\">PER\u00cdODO<\/th><th class=\"column-6\">RESULTADO<\/th>\n<\/tr>\n<\/thead>\n<tbody class=\"row-hover\">\n<tr class=\"row-2 even\">\n\t<td class=\"column-1\">005<\/td><td class=\"column-2\">11\/08\/2022<\/td><td class=\"column-3\">Contrata\u00e7\u00e3o de empresa para fornecimento e aplica\u00e7\u00e3o de aditivo estabilizador de solo nas estradas rurais do munic\u00edpio de Dom Vi\u00e7oso, MG.<\/td><td class=\"column-4\"><a href=\"https:\/\/domvicoso.mg.gov.br\/v1\/wp-content\/uploads\/2022\/08\/Aviso-005-Estabilizador-de-solo.pdf\" rel=\"noopener\" target=\"_blank\">Aviso<\/a><\/td><td class=\"column-5\">In\u00edcio: 11\/08\/2022<br \/>\nFim: 15\/08\/2022, at\u00e9 \u00e0s 16:00 horas.<\/td><td class=\"column-6\"><\/td>\n<\/tr>\n<tr class=\"row-3 odd\">\n\t<td class=\"column-1\">004<\/td><td class=\"column-2\">20\/06\/2022<\/td><td class=\"column-3\">Contrata\u00e7\u00e3o de empresa especializada em organiza\u00e7\u00e3o de eventos destinado a realiza\u00e7\u00e3o do evento de veloterra, a ser realizado no munic\u00edpio de Dom Vi\u00e7oso, nas datas de 23 e 24 de julho de 2022.<\/td><td class=\"column-4\"><a href=\"https:\/\/domvicoso.mg.gov.br\/v1\/wp-content\/uploads\/2022\/06\/Aviso-004-Veloterra.pdf\" rel=\"noopener\" target=\"_blank\">Aviso<\/a><\/td><td class=\"column-5\">In\u00edcio: 20\/06\/2022<br \/>\nFim: 23\/06\/2022, at\u00e9 \u00e0s 16:00 horas.<\/td><td class=\"column-6\"><\/td>\n<\/tr>\n<tr class=\"row-4 even\">\n\t<td class=\"column-1\">003<\/td><td class=\"column-2\">06\/06\/2022<\/td><td class=\"column-3\">Contrata\u00e7\u00e3o de empresa para presta\u00e7\u00e3o de Consultoria, desenvolvimento de projetos e orienta\u00e7\u00e3o na elabora\u00e7\u00e3o de projetos para capta\u00e7\u00e3o de recursos federais, provenientes do Or\u00e7amento Geral da Uni\u00e3o, Estaduais, de emendas parlamentares, de editais e relacionados para atendimento ao Setor de Educa\u00e7\u00e3o do Munic\u00edpio de Dom Vi\u00e7oso, MG.<\/td><td class=\"column-4\"><a href=\"https:\/\/domvicoso.mg.gov.br\/v1\/wp-content\/uploads\/2022\/06\/Aviso-003-Consultoria-em-Convenios-Educacao.pdf\" rel=\"noopener\" target=\"_blank\">Aviso<\/a><\/td><td class=\"column-5\">In\u00edcio: 06\/06\/2022<br \/>\nFim: 08\/06\/2022, at\u00e9 \u00e0s 16:00 horas<\/td><td class=\"column-6\"><\/td>\n<\/tr>\n<tr class=\"row-5 odd\">\n\t<td class=\"column-1\">002<\/td><td class=\"column-2\">05\/05\/2022<\/td><td class=\"column-3\">Contrata\u00e7\u00e3o de empresa para presta\u00e7\u00e3o de servi\u00e7os em manuten\u00e7\u00e3o preventiva e corretiva de impressoras\/copiadoras.<\/td><td class=\"column-4\"><a href=\"https:\/\/domvicoso.mg.gov.br\/v1\/wp-content\/uploads\/2022\/05\/Aviso-002-Manutencao-das-impressoras.pdf\" rel=\"noopener\" target=\"_blank\">Aviso<\/a><\/td><td class=\"column-5\">In\u00edcio: 05\/05\/2022<br \/>\nFim: 09\/05\/2022, at\u00e9 \u00e0s 16:00 horas.<\/td><td class=\"column-6\"><\/td>\n<\/tr>\n<tr class=\"row-6 even\">\n\t<td class=\"column-1\">001<\/td><td class=\"column-2\">05\/05\/2022<\/td><td class=\"column-3\">Contrata\u00e7\u00e3o de empresa para presta\u00e7\u00e3o de Consultoria, desenvolvimento de projetos e orienta\u00e7\u00e3o na elabora\u00e7\u00e3o de projetos para capta\u00e7\u00e3o de recursos federais, provenientes do Or\u00e7amento Geral da Uni\u00e3o, Estaduais, de emendas parlamentares, de editais e relacionados para atendimento ao Setor de Educa\u00e7\u00e3o do Munic\u00edpio de Dom Vi\u00e7oso, MG.<\/td><td class=\"column-4\"><a href=\"https:\/\/domvicoso.mg.gov.br\/v1\/wp-content\/uploads\/2022\/05\/Aviso-001-Consultoria-em-Convenios-Educacao.pdf\" rel=\"noopener\" target=\"_blank\">Aviso<\/a><\/td><td class=\"column-5\">In\u00edcio: 05\/05\/2022<br \/>\nFim: 09\/05\/2022, at\u00e9 \u00e0s 16:00 horas.<\/td><td class=\"column-6\">CANCELADO<\/td>\n<\/tr>\n<tr class=\"row-7 odd\">\n\t<td class=\"column-1\"><\/td><td class=\"column-2\"><\/td><td class=\"column-3\"><\/td><td class=\"column-4\"><\/td><td class=\"column-5\"><\/td><td class=\"column-6\"><\/td>\n<\/tr>\n<\/tbody>\n<\/table>\n<!-- #tablepress-12 from cache -->\n","protected":false},"excerpt":{"rendered":"","protected":false},"author":1,"featured_media":0,"parent":0,"menu_order":0,"comment_status":"closed","ping_status":"closed","template":"","meta":{"footnotes":""},"class_list":["post-2771","page","type-page","status-publish","hentry"],"_links":{"self":[{"href":"https:\/\/domvicoso.mg.gov.br\/v1\/wp-json\/wp\/v2\/pages\/2771","targetHints":{"allow":["GET"]}}],"collection":[{"href":"https:\/\/domvicoso.mg.gov.br\/v1\/wp-json\/wp\/v2\/pages"}],"about":[{"href":"https:\/\/domvicoso.mg.gov.br\/v1\/wp-json\/wp\/v2\/types\/page"}],"author":[{"embeddable":true,"href":"https:\/\/domvicoso.mg.gov.br\/v1\/wp-json\/wp\/v2\/users\/1"}],"replies":[{"embeddable":true,"href":"https:\/\/domvicoso.mg.gov.br\/v1\/wp-json\/wp\/v2\/comments?post=2771"}],"version-history":[{"count":4,"href":"https:\/\/domvicoso.mg.gov.br\/v1\/wp-json\/wp\/v2\/pages\/2771\/revisions"}],"predecessor-version":[{"id":2777,"href":"https:\/\/domvicoso.mg.gov.br\/v1\/wp-json\/wp\/v2\/pages\/2771\/revisions\/2777"}],"wp:attachment":[{"href":"https:\/\/domvicoso.mg.gov.br\/v1\/wp-json\/wp\/v2\/media?parent=2771"}],"curies":[{"name":"wp","href":"https:\/\/api.w.org\/{rel}","templated":true}]}}