{"id":4472,"date":"2023-01-02T22:09:21","date_gmt":"2023-01-02T22:09:21","guid":{"rendered":"https:\/\/domvicoso.mg.gov.br\/v1\/?page_id=4472"},"modified":"2023-01-02T22:09:21","modified_gmt":"2023-01-02T22:09:21","slug":"aviso-de-dispensa-lei-14-133-2021-2023","status":"publish","type":"page","link":"https:\/\/domvicoso.mg.gov.br\/v1\/aviso-de-dispensa-lei-14-133-2021-2023\/","title":{"rendered":"Aviso de Dispensa \u2013 Lei 14.133\/2021 \u2013 2023"},"content":{"rendered":"\n<table id=\"tablepress-14\" class=\"tablepress tablepress-id-14\">\n<thead>\n<tr class=\"row-1 odd\">\n\t<th class=\"column-1\">N\u00ba<\/th><th class=\"column-2\">DATA<\/th><th class=\"column-3\">DESCRI\u00c7\u00c3O<\/th><th class=\"column-4\">ARQUIVO<\/th><th class=\"column-5\">PER\u00cdODO<\/th><th class=\"column-6\">RESULTADO<\/th>\n<\/tr>\n<\/thead>\n<tbody class=\"row-hover\">\n<tr class=\"row-2 even\">\n\t<td class=\"column-1\">012<\/td><td class=\"column-2\">26\/12\/2023<\/td><td class=\"column-3\">Contrata\u00e7\u00e3o de empresa de Sonoriza\u00e7\u00e3o e Ilumina\u00e7\u00e3o para a realiza\u00e7\u00e3o do \u201cR\u00e9veillon\u201d na Pra\u00e7a da Matriz de Dom Vi\u00e7oso nos dias 30 e 31 de dezembro de 2023.<\/td><td class=\"column-4\"><a href=\"https:\/\/domvicoso.mg.gov.br\/v1\/wp-content\/uploads\/2023\/12\/2-Aviso-012-Sonorizacao-e-Iluminacao-do-Reveillon.pdf\" rel=\"noopener\" target=\"_blank\">Aviso<\/a><\/td><td class=\"column-5\">IN\u00cdCIO:<br \/>\n26\/12\/2023<br \/>\nFIM:<br \/>\n28\/12\/2023,<br \/>\nAT\u00c9 \u00c0S 16:00 HORAS.<\/td><td class=\"column-6\"><\/td>\n<\/tr>\n<tr class=\"row-3 odd\">\n\t<td class=\"column-1\">011<\/td><td class=\"column-2\">30\/06\/2023<\/td><td class=\"column-3\">Contrata\u00e7\u00e3o de empresa para a presta\u00e7\u00e3o de servi\u00e7os para a organiza\u00e7\u00e3o e coordena\u00e7\u00e3o do evento de Veloterra, a ser realizado neste munic\u00edpio de Dom Vi\u00e7oso-MG, nos dias 22 e 23 de julho de 2023.<\/td><td class=\"column-4\"><a href=\"https:\/\/domvicoso.mg.gov.br\/v1\/wp-content\/uploads\/2023\/06\/Aviso-011-Realizacao-do-Veloterra.pdf\" rel=\"noopener\" target=\"_blank\">Aviso<\/a><\/td><td class=\"column-5\">IN\u00cdCIO:<br \/>\n30\/06\/2023<br \/>\nFIM:<br \/>\n05\/07\/2023,<br \/>\nAT\u00c9 \u00c0S 16:00 HORAS.<\/td><td class=\"column-6\"><\/td>\n<\/tr>\n<tr class=\"row-4 even\">\n\t<td class=\"column-1\">010<\/td><td class=\"column-2\">07\/06\/2023<\/td><td class=\"column-3\">Contrata\u00e7\u00e3o de empresa de eventos para a presta\u00e7\u00e3o de servi\u00e7os na realiza\u00e7\u00e3o da Festa Junina \u201cArrai\u00e1 do Ros\u00e1rio\u201d que acontecer\u00e1 na Pra\u00e7a da Matriz na cidade de Dom Vi\u00e7oso nos dias 16 e 17 de junho de 2023.<\/td><td class=\"column-4\"><a href=\"https:\/\/domvicoso.mg.gov.br\/v1\/wp-content\/uploads\/2023\/06\/Aviso-010-Realizacao-da-Festa-Junina-2023.pdf\" rel=\"noopener\" target=\"_blank\">Aviso<\/a><\/td><td class=\"column-5\">IN\u00cdCIO:<br \/>\n07\/06\/2023<br \/>\nFIM:<br \/>\n13\/06\/2023,<br \/>\nAT\u00c9 \u00c0S 16:00 HORAS.<\/td><td class=\"column-6\"><\/td>\n<\/tr>\n<tr class=\"row-5 odd\">\n\t<td class=\"column-1\">009<\/td><td class=\"column-2\">17\/03\/2023<\/td><td class=\"column-3\">Contrata\u00e7\u00e3o de empresa para a execu\u00e7\u00e3o dos projetos Agro Floresta e Culin\u00e1ria\/Gastronomia, com vistas a atender aos produtores rurais e aos alunos das escolas municipais do Munic\u00edpio de Dom Vi\u00e7oso.<\/td><td class=\"column-4\"><a href=\"https:\/\/domvicoso.mg.gov.br\/v1\/wp-content\/uploads\/2023\/03\/Aviso-009-Agrofloresta.pdf\" rel=\"noopener\" target=\"_blank\">Aviso<\/a><\/td><td class=\"column-5\">IN\u00cdCIO:<br \/>\n17\/03\/2023<br \/>\nFIM:<br \/>\n21\/03\/2023,<br \/>\nAT\u00c9 \u00c0S 16:00 HORAS.<\/td><td class=\"column-6\"><\/td>\n<\/tr>\n<tr class=\"row-6 even\">\n\t<td class=\"column-1\">008<\/td><td class=\"column-2\">28\/02\/2023<\/td><td class=\"column-3\">Contrata\u00e7\u00e3o de empresa para a presta\u00e7\u00e3o de servi\u00e7os para a organiza\u00e7\u00e3o e coordena\u00e7\u00e3o da 1\u00aa Copa de Marcha e Poeir\u00e3o de Dom Vi\u00e7oso-MG.<\/td><td class=\"column-4\"><a href=\"https:\/\/domvicoso.mg.gov.br\/v1\/wp-content\/uploads\/2023\/02\/Aviso-008-Copa-Marcha-e-Poeirao.pdf\" rel=\"noopener\" target=\"_blank\">Aviso<\/a><\/td><td class=\"column-5\">IN\u00cdCIO:<br \/>\n28\/02\/2023<br \/>\nFIM:<br \/>\n03\/03\/2023,<br \/>\nAT\u00c9 \u00c0S 16:00 HORAS.<\/td><td class=\"column-6\"><\/td>\n<\/tr>\n<tr class=\"row-7 odd\">\n\t<td class=\"column-1\">007<\/td><td class=\"column-2\">01\/02\/2023<\/td><td class=\"column-3\">Contrata\u00e7\u00e3o de empresa para presta\u00e7\u00e3o de servi\u00e7os de transporte escolar dos alunos da Rede Municipal e Estadual da Educa\u00e7\u00e3o B\u00e1sica do Munic\u00edpio de Dom Vi\u00e7oso e dos alunos que fazem faculdade e curso t\u00e9cnico profissionalizante fora do Munic\u00edpio para o m\u00eas de fevereiro de 2023, em car\u00e1ter emergencial at\u00e9 que se realize o Processo licitat\u00f3rio.<\/td><td class=\"column-4\"><a href=\"https:\/\/domvicoso.mg.gov.br\/v1\/wp-content\/uploads\/2023\/02\/Aviso-007-Trasnporte-Escolar.pdf\" rel=\"noopener\" target=\"_blank\">Aviso<\/a><\/td><td class=\"column-5\">IN\u00cdCIO:<br \/>\n01\/02\/2023<br \/>\nFIM:<br \/>\n03\/02\/2023,<br \/>\nAT\u00c9 \u00c0S 16:00 HORAS.<\/td><td class=\"column-6\"><\/td>\n<\/tr>\n<tr class=\"row-8 even\">\n\t<td class=\"column-1\">006<\/td><td class=\"column-2\">24\/01\/2023<\/td><td class=\"column-3\">Contrata\u00e7\u00e3o de empresa para presta\u00e7\u00e3o de servi\u00e7os de atualiza\u00e7\u00e3o e manuten\u00e7\u00e3o de p\u00e1ginas em m\u00eddias sociais do Munic\u00edpio de Dom Vi\u00e7oso, como Facebook e Instagram com publica\u00e7\u00f5es necess\u00e1rias no atendimento ao Departamento de Turismo.<\/td><td class=\"column-4\"><a href=\"https:\/\/domvicoso.mg.gov.br\/v1\/wp-content\/uploads\/2023\/01\/Aviso-006-Manutencao-Pagina-Facebook-e-Instagran.pdf\" rel=\"noopener\" target=\"_blank\">Aviso<\/a><\/td><td class=\"column-5\">IN\u00cdCIO:<br \/>\n24\/01\/2023<br \/>\nFIM:<br \/>\n26\/01\/2023,<br \/>\nAT\u00c9 \u00c0S 16:00 HORAS.<\/td><td class=\"column-6\"><\/td>\n<\/tr>\n<tr class=\"row-9 odd\">\n\t<td class=\"column-1\">005<\/td><td class=\"column-2\">18\/01\/2023<\/td><td class=\"column-3\">Contrata\u00e7\u00e3o de empresa para presta\u00e7\u00e3o de servi\u00e7os mec\u00e2nicos na manuten\u00e7\u00e3o preventiva e corretiva dos ve\u00edculos e maquin\u00e1rios da Frota Municipal e Conveniados.<\/td><td class=\"column-4\"><a href=\"https:\/\/domvicoso.mg.gov.br\/v1\/wp-content\/uploads\/2023\/01\/Aviso-005-Servicos-de-Mecanica.pdf\" rel=\"noopener\" target=\"_blank\">Aviso<\/a><\/td><td class=\"column-5\">IN\u00cdCIO:<br \/>\n18\/01\/2023<br \/>\nFIM:<br \/>\n20\/01\/2023,<br \/>\nAT\u00c9 \u00c0S 16:00 HORAS.<\/td><td class=\"column-6\"><\/td>\n<\/tr>\n<tr class=\"row-10 even\">\n\t<td class=\"column-1\">004<\/td><td class=\"column-2\">06\/01\/2023<\/td><td class=\"column-3\">Contrata\u00e7\u00e3o de empresa para presta\u00e7\u00e3o de servi\u00e7os de assessoria e consultoria t\u00e9cnica em turismo para atendimento ao Setor de Turismo do Munic\u00edpio de Dom Vi\u00e7oso.<\/td><td class=\"column-4\"><a href=\"https:\/\/domvicoso.mg.gov.br\/v1\/wp-content\/uploads\/2023\/01\/Aviso-004-Assessoria-em-Turismo.pdf\" rel=\"noopener\" target=\"_blank\">Aviso<\/a><\/td><td class=\"column-5\">IN\u00cdCIO:<br \/>\n06\/01\/2023<br \/>\nFIM:<br \/>\n10\/01\/2023,<br \/>\nAT\u00c9 \u00c0S 16:00 HORAS.<\/td><td class=\"column-6\"><\/td>\n<\/tr>\n<tr class=\"row-11 odd\">\n\t<td class=\"column-1\">003<\/td><td class=\"column-2\">04\/01\/2023<\/td><td class=\"column-3\">Contrata\u00e7\u00e3o de empresa para presta\u00e7\u00e3o de servi\u00e7os de consultoria e assessoria t\u00e9cnica na \u00e1rea de seguran\u00e7a do trabalho para atendimento ao Munic\u00edpio de Dom Vi\u00e7oso quanto a legisla\u00e7\u00e3o trabalhista.<\/td><td class=\"column-4\"><a href=\"https:\/\/domvicoso.mg.gov.br\/v1\/wp-content\/uploads\/2023\/01\/Aviso-003-Seguranca-do-Trabalho.pdf\" rel=\"noopener\" target=\"_blank\">Aviso<\/a><\/td><td class=\"column-5\">IN\u00cdCIO:<br \/>\n04\/01\/2023<br \/>\nFIM:<br \/>\n06\/01\/2023,<br \/>\nAT\u00c9 \u00c0S 16:00 HORAS.<\/td><td class=\"column-6\"><\/td>\n<\/tr>\n<tr class=\"row-12 even\">\n\t<td class=\"column-1\">002<\/td><td class=\"column-2\">04\/01\/2023<\/td><td class=\"column-3\">Contrata\u00e7\u00e3o de empresa para a cess\u00e3o de direito de uso de software, 100% acess\u00edvel via web, para realiza\u00e7\u00e3o da gest\u00e3o, monitoramento e auditoria da apura\u00e7\u00e3o do valor adicionado municipal \u2013 VAF.<\/td><td class=\"column-4\"><a href=\"https:\/\/domvicoso.mg.gov.br\/v1\/wp-content\/uploads\/2023\/01\/Aviso-002-Gestao-e-Apuracao-do-VAF.pdf\" rel=\"noopener\" target=\"_blank\">Aviso<\/a><\/td><td class=\"column-5\">IN\u00cdCIO:<br \/>\n04\/01\/2023<br \/>\nFIM:<br \/>\n06\/01\/2023,<br \/>\nAT\u00c9 \u00c0S 16:00 HORAS.<\/td><td class=\"column-6\"><\/td>\n<\/tr>\n<tr class=\"row-13 odd\">\n\t<td class=\"column-1\">001<\/td><td class=\"column-2\">04\/01\/2023<\/td><td class=\"column-3\">Presta\u00e7\u00e3o de servi\u00e7os em manuten\u00e7\u00e3o preventiva e corretiva de impressoras\/copiadoras, incluindo fornecimento de pe\u00e7as e toners .<\/td><td class=\"column-4\"><a href=\"https:\/\/domvicoso.mg.gov.br\/v1\/wp-content\/uploads\/2023\/01\/Aviso-001-Manutencao-das-impressoras.pdf\" rel=\"noopener\" target=\"_blank\">Aviso<\/a><\/td><td class=\"column-5\">IN\u00cdCIO:<br \/>\n04\/01\/2023<br \/>\nFIM:<br \/>\n06\/01\/2023,<br \/>\nAT\u00c9 \u00c0S 16:00 HORAS.<\/td><td class=\"column-6\"><\/td>\n<\/tr>\n<tr class=\"row-14 even\">\n\t<td class=\"column-1\"><\/td><td class=\"column-2\"><\/td><td class=\"column-3\"><\/td><td class=\"column-4\"><\/td><td class=\"column-5\"><\/td><td class=\"column-6\"><\/td>\n<\/tr>\n<\/tbody>\n<\/table>\n<!-- #tablepress-14 from cache -->\n","protected":false},"excerpt":{"rendered":"","protected":false},"author":1,"featured_media":0,"parent":0,"menu_order":0,"comment_status":"closed","ping_status":"closed","template":"","meta":{"footnotes":""},"class_list":["post-4472","page","type-page","status-publish","hentry"],"_links":{"self":[{"href":"https:\/\/domvicoso.mg.gov.br\/v1\/wp-json\/wp\/v2\/pages\/4472","targetHints":{"allow":["GET"]}}],"collection":[{"href":"https:\/\/domvicoso.mg.gov.br\/v1\/wp-json\/wp\/v2\/pages"}],"about":[{"href":"https:\/\/domvicoso.mg.gov.br\/v1\/wp-json\/wp\/v2\/types\/page"}],"author":[{"embeddable":true,"href":"https:\/\/domvicoso.mg.gov.br\/v1\/wp-json\/wp\/v2\/users\/1"}],"replies":[{"embeddable":true,"href":"https:\/\/domvicoso.mg.gov.br\/v1\/wp-json\/wp\/v2\/comments?post=4472"}],"version-history":[{"count":1,"href":"https:\/\/domvicoso.mg.gov.br\/v1\/wp-json\/wp\/v2\/pages\/4472\/revisions"}],"predecessor-version":[{"id":4473,"href":"https:\/\/domvicoso.mg.gov.br\/v1\/wp-json\/wp\/v2\/pages\/4472\/revisions\/4473"}],"wp:attachment":[{"href":"https:\/\/domvicoso.mg.gov.br\/v1\/wp-json\/wp\/v2\/media?parent=4472"}],"curies":[{"name":"wp","href":"https:\/\/api.w.org\/{rel}","templated":true}]}}