{"id":6503,"date":"2023-12-16T20:50:28","date_gmt":"2023-12-16T20:50:28","guid":{"rendered":"https:\/\/domvicoso.mg.gov.br\/v1\/?page_id=6503"},"modified":"2024-01-04T22:49:18","modified_gmt":"2024-01-04T22:49:18","slug":"transportes","status":"publish","type":"page","link":"https:\/\/domvicoso.mg.gov.br\/v1\/transportes\/","title":{"rendered":"Transportes"},"content":{"rendered":"<div class=\"fusion-fullwidth fullwidth-box fusion-builder-row-1 fusion-flex-container nonhundred-percent-fullwidth non-hundred-percent-height-scrolling\" style=\"background-color: rgba(255,255,255,0);background-position: center center;background-repeat: no-repeat;border-width: 0px 0px 0px 0px;border-color:#eae9e9;border-style:solid;\" ><div class=\"fusion-builder-row fusion-row fusion-flex-align-items-flex-start\" style=\"max-width:1185.6px;margin-left: calc(-4% \/ 2 );margin-right: calc(-4% \/ 2 );\"><div class=\"fusion-layout-column fusion_builder_column fusion-builder-column-0 fusion_builder_column_2_3 2_3 fusion-flex-column\"><div class=\"fusion-column-wrapper fusion-flex-justify-content-flex-start fusion-content-layout-column\" style=\"background-position:left top;background-repeat:no-repeat;-webkit-background-size:cover;-moz-background-size:cover;-o-background-size:cover;background-size:cover;padding: 0px 0px 0px 0px;\"><div class=\"fusion-text fusion-text-1\"><p style=\"text-align: justify;\">Conforme\u00a0<strong>LEI ORG\u00c2NICA DE 21 DE ABRIL DE 1990. <\/strong>Disp\u00f5e sobre os princ\u00edpios b\u00e1sicos, a organiza\u00e7\u00e3o e a estrutura da Prefeitura do Munic\u00edpio de Dom Vi\u00e7oso,\u00a0temos:<\/p>\n<p style=\"text-align: justify;\">Ao Departamento Municipal de Transporte compete:<\/p>\n<p style=\"text-align: justify;\"><strong><u>Transporte:<\/u><\/strong><\/p>\n<p style=\"text-align: justify;\">I &#8211; Controlar e fiscalizar toda a frota de ve\u00edculos (documenta\u00e7\u00e3o, licenciamento, seguro obrigat\u00f3rio, seguro total padronizado e equipamentos obrigat\u00f3rios);<\/p>\n<p style=\"text-align: justify;\">II &#8211; Acompanhar eventuais acidentes que envolvam ve\u00edculos e m\u00e1quinas do munic\u00edpio e posterior encaminhamento \u00e0 Administra\u00e7\u00e3o para procedimentos administrativos;<\/p>\n<p style=\"text-align: justify;\">III &#8211; Criar sistema de controle de servi\u00e7os, quilometragem, abastecimento, horas m\u00e1quinas e outras informa\u00e7\u00f5es importantes, por ve\u00edculos e m\u00e1quinas;<\/p>\n<p style=\"text-align: justify;\">IV &#8211; Atribuir responsabilidade aos motoristas e operadores quanto ao preenchimento di\u00e1rio destas informa\u00e7\u00f5es;<\/p>\n<p style=\"text-align: justify;\">V &#8211; Liberar e controlar consumo de combust\u00edvel, controlar a manuten\u00e7\u00e3o de toda a frota de ve\u00edculos e m\u00e1quinas da prefeitura;<\/p>\n<p style=\"text-align: justify;\">VI &#8211; Coordenar as atividades dos setores de Oficinas (mec\u00e2nica, solda, borracharia) e manuten\u00e7\u00e3o (lavagem e lubrifica\u00e7\u00e3o) de m\u00e1quinas e ve\u00edculos; manter acompanhamento sobre a atua\u00e7\u00e3o dos servidores (motoristas e operadores), verificando se est\u00e3o utilizando os ve\u00edculos e m\u00e1quinas de forma adequada, com zelo e economicidade;<\/p>\n<p style=\"text-align: justify;\">\u00ad\u00ad\u00ad\u00ad\u00ad\u00adVII &#8211; Dirigir ve\u00edculos oficiais para exercer atividades pr\u00f3prias do cargo, desde que devidamente habilitado e autorizado por autoridade superior e realizar as demais tarefas afins.<\/p>\n<\/div><\/div><style type=\"text\/css\">.fusion-body .fusion-builder-column-0{width:66.666666666667% !important;margin-top : 0px;margin-bottom : 20px;}.fusion-builder-column-0 > .fusion-column-wrapper {padding-top : 0px !important;padding-right : 0px !important;margin-right : 2.88%;padding-bottom : 0px !important;padding-left : 0px !important;margin-left : 2.88%;}@media only screen and (max-width:1024px) {.fusion-body .fusion-builder-column-0{width:100% !important;order : 0;}.fusion-builder-column-0 > .fusion-column-wrapper {margin-right : 1.92%;margin-left : 1.92%;}}@media only screen and (max-width:640px) {.fusion-body .fusion-builder-column-0{width:100% !important;order : 0;}.fusion-builder-column-0 > .fusion-column-wrapper {margin-right : 1.92%;margin-left : 1.92%;}}<\/style><\/div><div class=\"fusion-layout-column fusion_builder_column fusion-builder-column-1 fusion_builder_column_1_3 1_3 fusion-flex-column\"><div class=\"fusion-column-wrapper fusion-flex-justify-content-flex-start fusion-content-layout-column\" style=\"background-position:left top;background-repeat:no-repeat;-webkit-background-size:cover;-moz-background-size:cover;-o-background-size:cover;background-size:cover;padding: 0px 0px 0px 0px;\"><style type=\"text\/css\">.fusion-search-element-1 .searchform .fusion-search-form-content .fusion-search-field input,.fusion-search-element-1 .searchform .fusion-search-form-content .fusion-search-button input[type=submit] {height: 60px;}.fusion-search-element-1 .searchform .fusion-search-form-content .fusion-search-button input[type=submit] {line-height: 60px;}.fusion-search-element-1.fusion-search-form-clean .searchform .fusion-search-form-content .fusion-search-field input {padding-left: 60px;}.fusion-search-element-1 .searchform .fusion-search-form-content .fusion-search-button input[type=submit] {width: 60px;}.fusion-search-element-1 .searchform .fusion-search-form-content .fusion-search-field input,.fusion-search-element-1 .searchform .fusion-search-form-content .fusion-search-field input::placeholder,.fusion-search-element-1.fusion-search-form-clean .searchform .fusion-search-form-content .fusion-search-button input[type=submit] {color: #9a9a9a;}.fusion-search-element-1 .searchform .fusion-search-form-content .fusion-search-field input:focus {border-color: #d2d2d2;}.fusion-search-element-1 .searchform .fusion-search-form-content .fusion-search-field input,.fusion-search-element-1.fusion-search-form-clean .searchform .fusion-search-form-content .fusion-search-button input[type=submit] {font-size: 13px;}.fusion-search-element-1 .searchform .fusion-search-form-content .fusion-search-field input {background-color: #ffffff;border-color: #d2d2d2;}.fusion-search-element-1 .searchform.fusion-search-form-classic .fusion-search-form-content, .fusion-search-form-classic .searchform:not(.fusion-search-form-clean) .fusion-search-form-content {border-radius: 0px;overflow: hidden;}.fusion-search-element-1 .fusion-search-form-content input.s {border-radius: 0px;}<\/style><div class=\"fusion-search-element fusion-search-element-1 fusion-search-form-classic\">\t\t<form role=\"search\" class=\"searchform fusion-search-form  fusion-search-form-classic\" method=\"get\" action=\"https:\/\/domvicoso.mg.gov.br\/v1\/\">\n\t\t\t<div class=\"fusion-search-form-content\">\n\n\t\t\t\t\n\t\t\t\t<div class=\"fusion-search-field search-field\">\n\t\t\t\t\t<label><span class=\"screen-reader-text\">Search for:<\/span>\n\t\t\t\t\t\t\t\t\t\t\t\t\t<input type=\"search\" value=\"\" name=\"s\" class=\"s\" placeholder=\"Digite a sua busca aqui...\" required aria-required=\"true\" aria-label=\"Digite a sua busca aqui...\"\/>\n\t\t\t\t\t\t\t\t\t\t\t<\/label>\n\t\t\t\t<\/div>\n\t\t\t\t<div class=\"fusion-search-button search-button\">\n\t\t\t\t\t<input type=\"submit\" class=\"fusion-search-submit searchsubmit\" aria-label=\"Search\" value=\"&#xf002;\" \/>\n\t\t\t\t\t\t\t\t\t<\/div>\n\n\t\t\t\t<input type=\"hidden\" name=\"post_type[]\" value=\"any\" \/><input type=\"hidden\" name=\"search_limit_to_post_titles\" value=\"0\" \/><input type=\"hidden\" name=\"fs\" value=\"1\" \/>\n\t\t\t<\/div>\n\n\n\t\t\t\n\t\t<\/form>\n\t\t<\/div><div class=\"fusion-separator fusion-full-width-sep\" style=\"align-self: center;margin-left: auto;margin-right: auto;margin-bottom:30px;width:100%;\"><\/div><div ><div class=\"imageframe-liftup\"><span class=\" fusion-imageframe imageframe-none imageframe-1 fusion-animated\" data-animationType=\"fadeInRight\" data-animationDuration=\"1.0\" data-animationOffset=\"100%\"><a class=\"fusion-no-lightbox\" href=\"https:\/\/www.facebook.com\/prefeituramunicipalDV\/\" target=\"_self\" aria-label=\"facebook\"><img decoding=\"async\" width=\"350\" height=\"92\" src=\"https:\/\/domvicoso.mg.gov.br\/v1\/wp-content\/uploads\/2022\/01\/facebook.jpg\" data-orig-src=\"https:\/\/domvicoso.mg.gov.br\/v1\/wp-content\/uploads\/2022\/01\/facebook.jpg\" class=\"lazyload img-responsive wp-image-1979\" srcset=\"data:image\/svg+xml,%3Csvg%20xmlns%3D%27http%3A%2F%2Fwww.w3.org%2F2000%2Fsvg%27%20width%3D%27350%27%20height%3D%2792%27%20viewBox%3D%270%200%20350%2092%27%3E%3Crect%20width%3D%27350%27%20height%3D%2792%27%20fill-opacity%3D%220%22%2F%3E%3C%2Fsvg%3E\" data-srcset=\"https:\/\/domvicoso.mg.gov.br\/v1\/wp-content\/uploads\/2022\/01\/facebook-200x53.jpg 200w, https:\/\/domvicoso.mg.gov.br\/v1\/wp-content\/uploads\/2022\/01\/facebook.jpg 350w\" data-sizes=\"auto\" data-orig-sizes=\"(max-width: 1024px) 100vw, (max-width: 640px) 100vw, 350px\" \/><\/a><\/span><\/div><\/div><div class=\"fusion-separator fusion-full-width-sep\" style=\"align-self: center;margin-left: auto;margin-right: auto;margin-bottom:30px;width:100%;\"><\/div><div ><div class=\"imageframe-liftup\"><span class=\" fusion-imageframe imageframe-none imageframe-2 fusion-animated\" data-animationType=\"fadeInRight\" data-animationDuration=\"1.0\" data-animationOffset=\"100%\"><a class=\"fusion-no-lightbox\" href=\"https:\/\/domvicoso.mg.gov.br\/v1\/perguntas-frequentes-faq\/\" target=\"_self\" aria-label=\"perguntasfrequentes\"><img decoding=\"async\" width=\"350\" height=\"92\" src=\"https:\/\/domvicoso.mg.gov.br\/v1\/wp-content\/uploads\/2023\/12\/perguntasfrequentes.png\" data-orig-src=\"https:\/\/domvicoso.mg.gov.br\/v1\/wp-content\/uploads\/2023\/12\/perguntasfrequentes.png\" class=\"lazyload img-responsive wp-image-6426\" srcset=\"data:image\/svg+xml,%3Csvg%20xmlns%3D%27http%3A%2F%2Fwww.w3.org%2F2000%2Fsvg%27%20width%3D%27350%27%20height%3D%2792%27%20viewBox%3D%270%200%20350%2092%27%3E%3Crect%20width%3D%27350%27%20height%3D%2792%27%20fill-opacity%3D%220%22%2F%3E%3C%2Fsvg%3E\" data-srcset=\"https:\/\/domvicoso.mg.gov.br\/v1\/wp-content\/uploads\/2023\/12\/perguntasfrequentes-200x53.png 200w, https:\/\/domvicoso.mg.gov.br\/v1\/wp-content\/uploads\/2023\/12\/perguntasfrequentes.png 350w\" data-sizes=\"auto\" data-orig-sizes=\"(max-width: 1024px) 100vw, (max-width: 640px) 100vw, 350px\" \/><\/a><\/span><\/div><\/div><div class=\"fusion-separator fusion-full-width-sep\" style=\"align-self: center;margin-left: auto;margin-right: auto;margin-bottom:30px;width:100%;\"><\/div><div ><div class=\"imageframe-liftup\"><span class=\" fusion-imageframe imageframe-none imageframe-3 fusion-animated\" data-animationType=\"fadeInRight\" data-animationDuration=\"1.0\" data-animationOffset=\"100%\"><a class=\"fusion-no-lightbox\" href=\"https:\/\/sistemasgerenciais.com.br\/holerites_domvicoso\/\" target=\"_self\" aria-label=\"Your paragraph text (1)\"><img decoding=\"async\" width=\"350\" height=\"92\" src=\"https:\/\/domvicoso.mg.gov.br\/v1\/wp-content\/uploads\/2023\/12\/Your-paragraph-text-1.png\" data-orig-src=\"https:\/\/domvicoso.mg.gov.br\/v1\/wp-content\/uploads\/2023\/12\/Your-paragraph-text-1.png\" class=\"lazyload img-responsive wp-image-6355\" srcset=\"data:image\/svg+xml,%3Csvg%20xmlns%3D%27http%3A%2F%2Fwww.w3.org%2F2000%2Fsvg%27%20width%3D%27350%27%20height%3D%2792%27%20viewBox%3D%270%200%20350%2092%27%3E%3Crect%20width%3D%27350%27%20height%3D%2792%27%20fill-opacity%3D%220%22%2F%3E%3C%2Fsvg%3E\" data-srcset=\"https:\/\/domvicoso.mg.gov.br\/v1\/wp-content\/uploads\/2023\/12\/Your-paragraph-text-1-200x53.png 200w, https:\/\/domvicoso.mg.gov.br\/v1\/wp-content\/uploads\/2023\/12\/Your-paragraph-text-1.png 350w\" data-sizes=\"auto\" data-orig-sizes=\"(max-width: 1024px) 100vw, (max-width: 640px) 100vw, 350px\" \/><\/a><\/span><\/div><\/div><div class=\"fusion-separator fusion-full-width-sep\" style=\"align-self: center;margin-left: auto;margin-right: auto;margin-bottom:30px;width:100%;\"><\/div><div class=\"fusion-widget fusion-widget-element fusion-widget-area fusion-content-widget-area wpWidget-1\" style=\"border-width:0px;border-style:solid;\"><div class=\"widget widget_rss\"><div class=\"heading\"><h4 class=\"widget-title\"><a class=\"rsswidget rss-widget-feed\" href=\"https:\/\/g1.globo.com\/rss\/g1\/mg\/sul-de-minas\/\"><img decoding=\"async\" class=\"lazyload rss-widget-icon\" style=\"border:0\" width=\"14\" height=\"14\" src=\"data:image\/svg+xml,%3Csvg%20xmlns%3D%27http%3A%2F%2Fwww.w3.org%2F2000%2Fsvg%27%20width%3D%2714%27%20height%3D%2714%27%20viewBox%3D%270%200%2014%2014%27%3E%3Crect%20width%3D%2714%27%20height%3D%2714%27%20fill-opacity%3D%220%22%2F%3E%3C%2Fsvg%3E\" data-orig-src=\"https:\/\/domvicoso.mg.gov.br\/v1\/wp-includes\/images\/rss.png\" alt=\"RSS\" \/><\/a> <a class=\"rsswidget rss-widget-title\" href=\"https:\/\/g1.globo.com\/mg\/sul-de-minas\/\">g1 &gt; Sul de Minas<\/a><\/h4><\/div><ul><li><a class='rsswidget' href='https:\/\/g1.globo.com\/mg\/sul-de-minas\/noticia\/2026\/04\/25\/galinha-bota-ovo-gigante-com-outro-dentro-em-mg-e-caso-chama-a-atencao-nas-redes-sociais.ghtml'>Galinha bota ovo gigante com outro dentro em MG e caso chama a aten\u00e7\u00e3o nas redes sociais<\/a><\/li><li><a class='rsswidget' href='https:\/\/g1.globo.com\/mg\/sul-de-minas\/edicao\/2026\/04\/24\/videos-eptv-2-sul-de-minas-de-sexta-feira-24-de-abril-de-2026.ghtml'>V\u00cdDEOS: EPTV 2 Sul de Minas de sexta-feira, 24 de abril de 2026<\/a><\/li><li><a class='rsswidget' href='https:\/\/g1.globo.com\/mg\/sul-de-minas\/noticia\/2026\/04\/24\/acusado-de-matar-homem-com-taco-de-sinuca-e-condenado-a-mais-de-21-anos-de-prisao-em-mg.ghtml'>Acusado de matar homem com taco de sinuca \u00e9 condenado a mais de 21 anos de pris\u00e3o em MG<\/a><\/li><li><a class='rsswidget' href='https:\/\/g1.globo.com\/mg\/sul-de-minas\/edicao\/2026\/04\/24\/videos-eptv-1-sul-de-minas-de-sexta-feira-24-de-abril-de-2026.ghtml'>V\u00cdDEOS: EPTV 1 Sul de Minas de sexta-feira, 24 de abril de 2026<\/a><\/li><li><a class='rsswidget' href='https:\/\/g1.globo.com\/mg\/grande-minas\/noticia\/2026\/04\/24\/foragido-condenado-por-tentativa-de-homicidio-em-montes-claros-e-preso-no-sul-de-minas.ghtml'>Foragido condenado por tentativa de homic\u00eddio em Montes Claros \u00e9 preso no Sul de Minas<\/a><\/li><li><a class='rsswidget' href='https:\/\/g1.globo.com\/mg\/sul-de-minas\/noticia\/2026\/04\/24\/criancas-ficam-feridas-apos-atropelamento-e-carro-e-incendiado-por-moradores-em-pouso-alegre-mg.ghtml'>V\u00cdDEO: Crian\u00e7as s\u00e3o atropeladas a caminho da escola em Pouso Alegre; moradores incendeiam carro<\/a><\/li><li><a class='rsswidget' href='https:\/\/g1.globo.com\/mg\/sul-de-minas\/edicao\/2026\/04\/24\/videos-bom-dia-cidade-sul-de-minas-de-sexta-feira-24-de-abril-de-2026.ghtml'>V\u00cdDEOS: Bom Dia Cidade Sul de Minas de sexta-feira, 24 de abril de 2026<\/a><\/li><li><a class='rsswidget' href='https:\/\/g1.globo.com\/mg\/sul-de-minas\/noticia\/2026\/04\/24\/flipocos-stand-up-e-shows-sertanejos-veja-o-que-fazer-no-fim-de-semana-no-sul-de-minas.ghtml'>Flipo\u00e7os, stand up e shows sertanejos: veja o que fazer no fim de semana no Sul de Minas<\/a><\/li><li><a class='rsswidget' href='https:\/\/g1.globo.com\/sp\/campinas-regiao\/e-pra-cantar\/noticia\/2026\/04\/24\/do-epra-cantar-ao-palco-de-barretos-veja-como-vai-funcionar-o-reality-sertanejo-da-eptv.ghtml'>Do &#039;\u00c9Pra Cantar&#039; ao palco de Barretos: veja como vai funcionar o reality sertanejo da EPTV<\/a><\/li><li><a class='rsswidget' href='https:\/\/g1.globo.com\/mg\/sul-de-minas\/noticia\/2026\/04\/24\/golpe-com-uso-de-inteligencia-artificial-causa-prejuizo-de-r-1-milhao-a-vitima-no-sul-de-minas.ghtml'>Golpe com uso de intelig\u00eancia artificial causa preju\u00edzo de R$ 1 milh\u00e3o a v\u00edtima no Sul de Minas<\/a><\/li><\/ul><\/div><\/div><div class=\"fusion-separator fusion-full-width-sep\" style=\"align-self: center;margin-left: auto;margin-right: auto;margin-bottom:30px;width:100%;\"><\/div><div class=\"fusion-separator fusion-full-width-sep\" style=\"align-self: center;margin-left: auto;margin-right: auto;margin-bottom:30px;width:100%;\"><\/div><\/div><style type=\"text\/css\">.fusion-body .fusion-builder-column-1{width:33.333333333333% !important;margin-top : 0px;margin-bottom : 20px;}.fusion-builder-column-1 > .fusion-column-wrapper {padding-top : 0px !important;padding-right : 0px !important;margin-right : 5.76%;padding-bottom : 0px !important;padding-left : 0px !important;margin-left : 5.76%;}@media only screen and (max-width:1024px) {.fusion-body .fusion-builder-column-1{width:100% !important;}.fusion-builder-column-1 > .fusion-column-wrapper {margin-right : 1.92%;margin-left : 1.92%;}}@media only screen and (max-width:640px) {.fusion-body .fusion-builder-column-1{width:100% !important;}.fusion-builder-column-1 > .fusion-column-wrapper {margin-right : 1.92%;margin-left : 1.92%;}}<\/style><\/div>\n<\/div><style type=\"text\/css\">.fusion-body .fusion-flex-container.fusion-builder-row-1{ padding-top : 0px;margin-top : 0px;padding-right : 0px;padding-bottom : 0px;margin-bottom : 0px;padding-left : 0px;}<\/style><\/div>\n","protected":false},"excerpt":{"rendered":"","protected":false},"author":1,"featured_media":0,"parent":0,"menu_order":0,"comment_status":"closed","ping_status":"closed","template":"","meta":{"footnotes":""},"class_list":["post-6503","page","type-page","status-publish","hentry"],"_links":{"self":[{"href":"https:\/\/domvicoso.mg.gov.br\/v1\/wp-json\/wp\/v2\/pages\/6503","targetHints":{"allow":["GET"]}}],"collection":[{"href":"https:\/\/domvicoso.mg.gov.br\/v1\/wp-json\/wp\/v2\/pages"}],"about":[{"href":"https:\/\/domvicoso.mg.gov.br\/v1\/wp-json\/wp\/v2\/types\/page"}],"author":[{"embeddable":true,"href":"https:\/\/domvicoso.mg.gov.br\/v1\/wp-json\/wp\/v2\/users\/1"}],"replies":[{"embeddable":true,"href":"https:\/\/domvicoso.mg.gov.br\/v1\/wp-json\/wp\/v2\/comments?post=6503"}],"version-history":[{"count":2,"href":"https:\/\/domvicoso.mg.gov.br\/v1\/wp-json\/wp\/v2\/pages\/6503\/revisions"}],"predecessor-version":[{"id":6601,"href":"https:\/\/domvicoso.mg.gov.br\/v1\/wp-json\/wp\/v2\/pages\/6503\/revisions\/6601"}],"wp:attachment":[{"href":"https:\/\/domvicoso.mg.gov.br\/v1\/wp-json\/wp\/v2\/media?parent=6503"}],"curies":[{"name":"wp","href":"https:\/\/api.w.org\/{rel}","templated":true}]}}